{"id":6568,"date":"2025-05-04T11:30:07","date_gmt":"2025-05-04T11:30:07","guid":{"rendered":"https:\/\/wp.ravextheme.com\/arrox\/?page_id=6568"},"modified":"2026-04-17T04:07:12","modified_gmt":"2026-04-17T04:07:12","slug":"portfolio","status":"publish","type":"page","link":"https:\/\/spajk.hr\/wp\/portfolio\/","title":{"rendered":"Portfolio"},"content":{"rendered":"\t\t<div data-elementor-type=\"wp-page\" data-elementor-id=\"6568\" class=\"elementor elementor-6568\" data-elementor-post-type=\"page\">\n\t\t\t\t<div class=\"elementor-element elementor-element-368b476 e-flex e-con-boxed e-con e-parent\" data-id=\"368b476\" data-element_type=\"container\" data-e-type=\"container\">\n\t\t\t\t\t<div class=\"e-con-inner\">\n\t\t<div class=\"elementor-element elementor-element-86278bc e-con-full e-flex e-con e-child\" data-id=\"86278bc\" data-element_type=\"container\" data-e-type=\"container\">\n\t\t\t\t<div class=\"elementor-element elementor-element-4cf4c86 fade-anim rd-inner-pg-title elementor-widget elementor-widget-heading\" data-id=\"4cf4c86\" data-element_type=\"widget\" data-e-type=\"widget\" data-widget_type=\"heading.default\">\n\t\t\t\t\t<h1 class=\"elementor-heading-title elementor-size-default\">Portfolio<\/h1>\t\t\t\t<\/div>\n\t\t\t\t<\/div>\n\t\t\t\t\t<\/div>\n\t\t\t\t<\/div>\n\t\t<div class=\"elementor-element elementor-element-a538217 e-flex e-con-boxed e-con e-parent\" data-id=\"a538217\" data-element_type=\"container\" data-e-type=\"container\">\n\t\t\t\t\t<div class=\"e-con-inner\">\n\t\t<div class=\"elementor-element elementor-element-a4dc950 e-con-full e-flex e-con e-child\" data-id=\"a4dc950\" data-element_type=\"container\" data-e-type=\"container\">\n\t\t<div class=\"elementor-element elementor-element-70af5f5 e-con-full e-flex e-con e-child\" data-id=\"70af5f5\" data-element_type=\"container\" data-e-type=\"container\">\n\t\t\t\t<div class=\"elementor-element elementor-element-fcbdc3f fade-anim elementor-widget elementor-widget-heading\" data-id=\"fcbdc3f\" data-element_type=\"widget\" data-e-type=\"widget\" data-widget_type=\"heading.default\">\n\t\t\t\t\t<span class=\"elementor-heading-title elementor-size-default\">Na\u0161 rad<\/span>\t\t\t\t<\/div>\n\t\t\t\t<\/div>\n\t\t<div class=\"elementor-element elementor-element-ad140b9 e-con-full e-flex e-con e-child\" data-id=\"ad140b9\" data-element_type=\"container\" data-e-type=\"container\">\n\t\t\t\t<div class=\"elementor-element elementor-element-283c82a fade-anim elementor-widget__width-initial elementor-widget elementor-widget-heading\" data-id=\"283c82a\" data-element_type=\"widget\" data-e-type=\"widget\" data-widget_type=\"heading.default\">\n\t\t\t\t\t<h2 class=\"elementor-heading-title elementor-size-default\">Kreativni rad kroz ljude s kojima sura\u0111ujemo.<\/h2>\t\t\t\t<\/div>\n\t\t<div class=\"elementor-element elementor-element-39791d5 e-con-full e-flex e-con e-child\" data-id=\"39791d5\" data-element_type=\"container\" data-e-type=\"container\">\n\t\t<div class=\"elementor-element elementor-element-b19f0c2 e-con-full e-flex e-con e-child\" data-id=\"b19f0c2\" data-element_type=\"container\" data-e-type=\"container\">\n\t\t\t\t<div class=\"elementor-element elementor-element-09ba386 fade-anim elementor-icon-list--layout-traditional elementor-list-item-link-full_width elementor-widget elementor-widget-icon-list\" data-id=\"09ba386\" data-element_type=\"widget\" data-e-type=\"widget\" data-widget_type=\"icon-list.default\">\n\t\t\t\t\t\t\t<ul class=\"elementor-icon-list-items\">\n\t\t\t\t\t\t\t<li class=\"elementor-icon-list-item\">\n\t\t\t\t\t\t\t\t\t\t\t<span class=\"elementor-icon-list-icon\">\n\t\t\t\t\t\t\t<i aria-hidden=\"true\" class=\"fas fa-plus\"><\/i>\t\t\t\t\t\t<\/span>\n\t\t\t\t\t\t\t\t\t\t<span class=\"elementor-icon-list-text\">fotografija<\/span>\n\t\t\t\t\t\t\t\t\t<\/li>\n\t\t\t\t\t\t\t\t<li class=\"elementor-icon-list-item\">\n\t\t\t\t\t\t\t\t\t\t\t<span class=\"elementor-icon-list-icon\">\n\t\t\t\t\t\t\t<i aria-hidden=\"true\" class=\"fas fa-plus\"><\/i>\t\t\t\t\t\t<\/span>\n\t\t\t\t\t\t\t\t\t\t<span class=\"elementor-icon-list-text\">Videografija<\/span>\n\t\t\t\t\t\t\t\t\t<\/li>\n\t\t\t\t\t\t\t\t<li class=\"elementor-icon-list-item\">\n\t\t\t\t\t\t\t\t\t\t\t<span class=\"elementor-icon-list-icon\">\n\t\t\t\t\t\t\t<i aria-hidden=\"true\" class=\"fas fa-plus\"><\/i>\t\t\t\t\t\t<\/span>\n\t\t\t\t\t\t\t\t\t\t<span class=\"elementor-icon-list-text\">Dru\u0161tvene mre\u017ee<\/span>\n\t\t\t\t\t\t\t\t\t<\/li>\n\t\t\t\t\t\t\t\t<li class=\"elementor-icon-list-item\">\n\t\t\t\t\t\t\t\t\t\t\t<span class=\"elementor-icon-list-icon\">\n\t\t\t\t\t\t\t<i aria-hidden=\"true\" class=\"fas fa-plus\"><\/i>\t\t\t\t\t\t<\/span>\n\t\t\t\t\t\t\t\t\t\t<span class=\"elementor-icon-list-text\">Grafi\u010dki dizajn<\/span>\n\t\t\t\t\t\t\t\t\t<\/li>\n\t\t\t\t\t\t\t\t<li class=\"elementor-icon-list-item\">\n\t\t\t\t\t\t\t\t\t\t\t<span class=\"elementor-icon-list-icon\">\n\t\t\t\t\t\t\t<i aria-hidden=\"true\" class=\"fas fa-plus\"><\/i>\t\t\t\t\t\t<\/span>\n\t\t\t\t\t\t\t\t\t\t<span class=\"elementor-icon-list-text\">Web<\/span>\n\t\t\t\t\t\t\t\t\t<\/li>\n\t\t\t\t\t\t<\/ul>\n\t\t\t\t\t\t<\/div>\n\t\t\t\t<\/div>\n\t\t<div class=\"elementor-element elementor-element-451959d e-con-full e-flex e-con e-child\" data-id=\"451959d\" data-element_type=\"container\" data-e-type=\"container\">\n\t\t\t\t<div class=\"elementor-element elementor-element-74c3b24 fade-anim elementor-widget__width-initial elementor-widget elementor-widget-text-editor\" data-id=\"74c3b24\" data-element_type=\"widget\" data-e-type=\"widget\" data-widget_type=\"text-editor.default\">\n\t\t\t\t\t\t\t\t\t<p data-pm-slice=\"0 0 []\">Pristupamo fotografiji i videu na cjelovit na\u010din \u2014 od ideje do realizacije. Poma\u017eemo brendovima i pojedincima da predstave svoj rad, u\u0111u na tr\u017ei\u0161te ili pro\u0161ire svoju publiku kroz kvalitetan vizualni sadr\u017eaj.<\/p>\t\t\t\t\t\t\t\t<\/div>\n\t\t\t\t<\/div>\n\t\t\t\t<\/div>\n\t\t\t\t<\/div>\n\t\t\t\t<\/div>\n\t\t\t\t\t<\/div>\n\t\t\t\t<\/div>\n\t\t<div class=\"elementor-element elementor-element-7458e36 e-flex e-con-boxed e-con e-child\" data-id=\"7458e36\" data-element_type=\"container\" data-e-type=\"container\">\n\t\t\t\t\t<div class=\"e-con-inner\">\n\t\t<div class=\"elementor-element elementor-element-3029ef4 e-con-full e-flex e-con e-child\" data-id=\"3029ef4\" data-element_type=\"container\" data-e-type=\"container\">\n\t\t<div class=\"elementor-element elementor-element-686734e e-con-full e-flex e-con e-child\" data-id=\"686734e\" data-element_type=\"container\" data-e-type=\"container\">\n\t\t\t\t<div class=\"elementor-element elementor-element-60d21f5 rr_title_anim rd-head-1400 elementor-widget__width-initial elementor-widget elementor-widget-heading\" data-id=\"60d21f5\" data-element_type=\"widget\" data-e-type=\"widget\" data-widget_type=\"heading.default\">\n\t\t\t\t\t<h2 class=\"elementor-heading-title elementor-size-default\">Foto i video<\/h2>\t\t\t\t<\/div>\n\t\t\t\t<\/div>\n\t\t\t\t<\/div>\n\t\t\t\t\t<\/div>\n\t\t\t\t<\/div>\n\t\t<div class=\"elementor-element elementor-element-0667db8 e-flex e-con-boxed e-con e-parent\" data-id=\"0667db8\" data-element_type=\"container\" data-e-type=\"container\" data-settings=\"{&quot;background_background&quot;:&quot;classic&quot;}\">\n\t\t\t\t\t<div class=\"e-con-inner\">\n\t\t<div class=\"elementor-element elementor-element-2b0f63a e-flex e-con-boxed e-con e-child\" data-id=\"2b0f63a\" data-element_type=\"container\" data-e-type=\"container\">\n\t\t\t\t\t<div class=\"e-con-inner\">\n\t\t<div class=\"elementor-element elementor-element-37a28f1 e-con-full e-flex e-con e-child\" data-id=\"37a28f1\" data-element_type=\"container\" data-e-type=\"container\">\n\t\t<div class=\"elementor-element elementor-element-78ff88d e-con-full e-flex e-con e-child\" data-id=\"78ff88d\" data-element_type=\"container\" data-e-type=\"container\">\n\t\t\t\t<div class=\"elementor-element elementor-element-833b759 elementor-widget elementor-widget-rt-image-portfolio\" data-id=\"833b759\" data-element_type=\"widget\" data-e-type=\"widget\" data-settings=\"{&quot;arrox_anima_type&quot;:&quot;fade-anim&quot;}\" data-widget_type=\"rt-image-portfolio.default\">\n\t\t\t\t<div class=\"elementor-widget-container\">\n\t\t\t\t\t\r\n\t\t\r\n\t\t<div class=\"ax-pf-wrapper-01 works-wrapper-1 fade-anim\"   >\r\n\t\t\t<div class=\"work-box\">\r\n\t\t\t\t<div class=\"thumb\">\r\n\t\t\t\t\t<div class=\"image scale\" data-cursor-text=\"View Project\">\r\n\t\t\t\t\t\t\t\t\t\t\t\t<a href=\"https:\/\/spajk.hr\/wp\/portfolio-details\/\" target=\"_self\" rel=\"nofollow\">\r\n\t\t\t\t\t\t\t<img decoding=\"async\" src=\"https:\/\/spajk.hr\/wp\/wp-content\/uploads\/2026\/04\/2026_02_11-Knezija-18-5-3-scaled.jpg\" alt=\"\">\r\n\t\t\t\t\t\t<\/a>\r\n\t\t\t\t\t\t\t\t\t\t\t<\/div>\r\n\t\t\t\t<\/div>\r\n\t\t\t<\/div>\r\n\t\t<\/div>\r\n\r\n        \t\t\t\t<\/div>\n\t\t\t\t<\/div>\n\t\t\t\t<div class=\"elementor-element elementor-element-f2d35e1 elementor-widget elementor-widget-heading\" data-id=\"f2d35e1\" data-element_type=\"widget\" data-e-type=\"widget\" data-widget_type=\"heading.default\">\n\t\t\t\t\t<h4 class=\"elementor-heading-title elementor-size-default\"><a href=\"https:\/\/wp.ravextheme.com\/redox\/portfolio-details\/\">Nekretnine<\/a><\/h4>\t\t\t\t<\/div>\n\t\t\t\t<\/div>\n\t\t<div class=\"elementor-element elementor-element-8e89417 e-con-full e-flex e-con e-child\" data-id=\"8e89417\" data-element_type=\"container\" data-e-type=\"container\">\n\t\t\t\t<div class=\"elementor-element elementor-element-1b1672a elementor-widget elementor-widget-rt-image-portfolio\" data-id=\"1b1672a\" data-element_type=\"widget\" data-e-type=\"widget\" data-settings=\"{&quot;arrox_anima_type&quot;:&quot;fade-anim&quot;}\" data-widget_type=\"rt-image-portfolio.default\">\n\t\t\t\t<div class=\"elementor-widget-container\">\n\t\t\t\t\t\r\n\t\t\r\n\t\t<div class=\"ax-pf-wrapper-01 works-wrapper-1 fade-anim\"   >\r\n\t\t\t<div class=\"work-box\">\r\n\t\t\t\t<div class=\"thumb\">\r\n\t\t\t\t\t<div class=\"image scale\" data-cursor-text=\"View Project\">\r\n\t\t\t\t\t\t\t\t\t\t\t\t<a href=\"https:\/\/spajk.hr\/wp\/eventi\/\" target=\"_self\" rel=\"nofollow\">\r\n\t\t\t\t\t\t\t<img decoding=\"async\" src=\"https:\/\/spajk.hr\/wp\/wp-content\/uploads\/2026\/04\/spancirfest-sars-14-scaled.jpg\" alt=\"\">\r\n\t\t\t\t\t\t<\/a>\r\n\t\t\t\t\t\t\t\t\t\t\t<\/div>\r\n\t\t\t\t<\/div>\r\n\t\t\t<\/div>\r\n\t\t<\/div>\r\n\r\n        \t\t\t\t<\/div>\n\t\t\t\t<\/div>\n\t\t\t\t<div class=\"elementor-element elementor-element-2f4ea37 elementor-widget elementor-widget-heading\" data-id=\"2f4ea37\" data-element_type=\"widget\" data-e-type=\"widget\" data-widget_type=\"heading.default\">\n\t\t\t\t\t<h4 class=\"elementor-heading-title elementor-size-default\"><a href=\"https:\/\/wp.ravextheme.com\/redox\/portfolio-details\/\">Eventi<\/a><\/h4>\t\t\t\t<\/div>\n\t\t\t\t<\/div>\n\t\t\t\t<\/div>\n\t\t<div class=\"elementor-element elementor-element-fc2800f e-con-full e-flex e-con e-child\" data-id=\"fc2800f\" data-element_type=\"container\" data-e-type=\"container\">\n\t\t<div class=\"elementor-element elementor-element-e05392c e-con-full e-flex e-con e-child\" data-id=\"e05392c\" data-element_type=\"container\" data-e-type=\"container\">\n\t\t\t\t<div class=\"elementor-element elementor-element-3980d84 elementor-widget elementor-widget-rt-image-portfolio\" data-id=\"3980d84\" data-element_type=\"widget\" data-e-type=\"widget\" data-settings=\"{&quot;arrox_anima_type&quot;:&quot;fade-anim&quot;}\" data-widget_type=\"rt-image-portfolio.default\">\n\t\t\t\t<div class=\"elementor-widget-container\">\n\t\t\t\t\t\r\n\t\t\r\n\t\t<div class=\"ax-pf-wrapper-01 works-wrapper-1 fade-anim\"   >\r\n\t\t\t<div class=\"work-box\">\r\n\t\t\t\t<div class=\"thumb\">\r\n\t\t\t\t\t<div class=\"image scale\" data-cursor-text=\"View Project\">\r\n\t\t\t\t\t\t\t\t\t\t\t\t<a href=\"https:\/\/spajk.hr\/wp\/product\/\" target=\"_self\" rel=\"nofollow\">\r\n\t\t\t\t\t\t\t<img decoding=\"async\" src=\"https:\/\/spajk.hr\/wp\/wp-content\/uploads\/2026\/04\/fast-food-Joe-16-scaled.jpg\" alt=\"\">\r\n\t\t\t\t\t\t<\/a>\r\n\t\t\t\t\t\t\t\t\t\t\t<\/div>\r\n\t\t\t\t<\/div>\r\n\t\t\t<\/div>\r\n\t\t<\/div>\r\n\r\n        \t\t\t\t<\/div>\n\t\t\t\t<\/div>\n\t\t\t\t<div class=\"elementor-element elementor-element-6a61956 elementor-widget elementor-widget-heading\" data-id=\"6a61956\" data-element_type=\"widget\" data-e-type=\"widget\" data-widget_type=\"heading.default\">\n\t\t\t\t\t<h4 class=\"elementor-heading-title elementor-size-default\"><a href=\"https:\/\/wp.ravextheme.com\/redox\/portfolio-details\/\">Product<\/a><\/h4>\t\t\t\t<\/div>\n\t\t\t\t<\/div>\n\t\t<div class=\"elementor-element elementor-element-f3c4052 e-con-full e-flex e-con e-child\" data-id=\"f3c4052\" data-element_type=\"container\" data-e-type=\"container\">\n\t\t\t\t<div class=\"elementor-element elementor-element-2d4e13a elementor-widget elementor-widget-rt-image-portfolio\" data-id=\"2d4e13a\" data-element_type=\"widget\" data-e-type=\"widget\" data-settings=\"{&quot;arrox_anima_type&quot;:&quot;fade-anim&quot;}\" data-widget_type=\"rt-image-portfolio.default\">\n\t\t\t\t<div class=\"elementor-widget-container\">\n\t\t\t\t\t\r\n\t\t\r\n\t\t<div class=\"ax-pf-wrapper-01 works-wrapper-1 fade-anim\"   >\r\n\t\t\t<div class=\"work-box\">\r\n\t\t\t\t<div class=\"thumb\">\r\n\t\t\t\t\t<div class=\"image scale\" data-cursor-text=\"View Project\">\r\n\t\t\t\t\t\t\t\t\t\t\t\t<a href=\"https:\/\/spajk.hr\/wp\/drone\/\" target=\"_self\" rel=\"nofollow\">\r\n\t\t\t\t\t\t\t<img decoding=\"async\" src=\"https:\/\/spajk.hr\/wp\/wp-content\/uploads\/2026\/04\/Irska-29-31.03.26-3-scaled.jpg\" alt=\"\">\r\n\t\t\t\t\t\t<\/a>\r\n\t\t\t\t\t\t\t\t\t\t\t<\/div>\r\n\t\t\t\t<\/div>\r\n\t\t\t<\/div>\r\n\t\t<\/div>\r\n\r\n        \t\t\t\t<\/div>\n\t\t\t\t<\/div>\n\t\t\t\t<div class=\"elementor-element elementor-element-1409019 elementor-widget elementor-widget-heading\" data-id=\"1409019\" data-element_type=\"widget\" data-e-type=\"widget\" data-widget_type=\"heading.default\">\n\t\t\t\t\t<h4 class=\"elementor-heading-title elementor-size-default\"><a href=\"https:\/\/wp.ravextheme.com\/redox\/portfolio-details\/\">Life<\/a><\/h4>\t\t\t\t<\/div>\n\t\t\t\t<\/div>\n\t\t\t\t<\/div>\n\t\t<div class=\"elementor-element elementor-element-0f2d2e4 e-con-full e-flex e-con e-child\" data-id=\"0f2d2e4\" data-element_type=\"container\" data-e-type=\"container\">\n\t\t<div class=\"elementor-element elementor-element-1942e22 e-con-full e-flex e-con e-child\" data-id=\"1942e22\" data-element_type=\"container\" data-e-type=\"container\">\n\t\t\t\t<div class=\"elementor-element elementor-element-9c5e5d1 elementor-widget elementor-widget-rt-image-portfolio\" data-id=\"9c5e5d1\" data-element_type=\"widget\" data-e-type=\"widget\" data-settings=\"{&quot;arrox_anima_type&quot;:&quot;fade-anim&quot;}\" data-widget_type=\"rt-image-portfolio.default\">\n\t\t\t\t<div class=\"elementor-widget-container\">\n\t\t\t\t\t\r\n\t\t\r\n\t\t<div class=\"ax-pf-wrapper-01 works-wrapper-1 fade-anim\"   >\r\n\t\t\t<div class=\"work-box\">\r\n\t\t\t\t<div class=\"thumb\">\r\n\t\t\t\t\t<div class=\"image scale\" data-cursor-text=\"View Project\">\r\n\t\t\t\t\t\t\t\t\t\t\t\t<a href=\"https:\/\/spajk.hr\/wp\/portfolio-details\/\" target=\"_self\" rel=\"nofollow\">\r\n\t\t\t\t\t\t\t<img decoding=\"async\" src=\"https:\/\/spajk.hr\/wp\/wp-content\/uploads\/2026\/04\/2025_12_17-Umjetnicki-paviljon-9-scaled.jpg\" alt=\"\">\r\n\t\t\t\t\t\t<\/a>\r\n\t\t\t\t\t\t\t\t\t\t\t<\/div>\r\n\t\t\t\t<\/div>\r\n\t\t\t<\/div>\r\n\t\t<\/div>\r\n\r\n        \t\t\t\t<\/div>\n\t\t\t\t<\/div>\n\t\t\t\t<div class=\"elementor-element elementor-element-4a104f9 elementor-widget elementor-widget-heading\" data-id=\"4a104f9\" data-element_type=\"widget\" data-e-type=\"widget\" data-widget_type=\"heading.default\">\n\t\t\t\t\t<h4 class=\"elementor-heading-title elementor-size-default\"><a href=\"https:\/\/wp.ravextheme.com\/redox\/portfolio-details\/\">Dok art umjetni\u010dki paviljon<\/a><\/h4>\t\t\t\t<\/div>\n\t\t\t\t<\/div>\n\t\t\t\t<\/div>\n\t\t\t\t\t<\/div>\n\t\t\t\t<\/div>\n\t\t\t\t\t<\/div>\n\t\t\t\t<\/div>\n\t\t\t\t<\/div>\n\t\t","protected":false},"excerpt":{"rendered":"<p>Portfolio Na\u0161 rad Kreativni rad kroz ljude s kojima sura\u0111ujemo. fotografija Videografija Dru\u0161tvene mre\u017ee Grafi\u010dki dizajn Web Pristupamo fotografiji i videu na cjelovit na\u010din \u2014 od ideje do realizacije. Poma\u017eemo brendovima i pojedincima da predstave svoj rad, u\u0111u na tr\u017ei\u0161te ili pro\u0161ire svoju publiku kroz kvalitetan vizualni sadr\u017eaj. Foto i video Nekretnine Eventi Product Life [&hellip;]<\/p>\n","protected":false},"author":1,"featured_media":0,"parent":0,"menu_order":0,"comment_status":"closed","ping_status":"closed","template":"elementor_header_footer","meta":{"footnotes":""},"class_list":["post-6568","page","type-page","status-publish","hentry"],"_links":{"self":[{"href":"https:\/\/spajk.hr\/wp\/wp-json\/wp\/v2\/pages\/6568","targetHints":{"allow":["GET"]}}],"collection":[{"href":"https:\/\/spajk.hr\/wp\/wp-json\/wp\/v2\/pages"}],"about":[{"href":"https:\/\/spajk.hr\/wp\/wp-json\/wp\/v2\/types\/page"}],"author":[{"embeddable":true,"href":"https:\/\/spajk.hr\/wp\/wp-json\/wp\/v2\/users\/1"}],"replies":[{"embeddable":true,"href":"https:\/\/spajk.hr\/wp\/wp-json\/wp\/v2\/comments?post=6568"}],"version-history":[{"count":31,"href":"https:\/\/spajk.hr\/wp\/wp-json\/wp\/v2\/pages\/6568\/revisions"}],"predecessor-version":[{"id":18561,"href":"https:\/\/spajk.hr\/wp\/wp-json\/wp\/v2\/pages\/6568\/revisions\/18561"}],"wp:attachment":[{"href":"https:\/\/spajk.hr\/wp\/wp-json\/wp\/v2\/media?parent=6568"}],"curies":[{"name":"wp","href":"https:\/\/api.w.org\/{rel}","templated":true}]}}